{"id":3,"date":"2023-03-17T12:51:37","date_gmt":"2023-03-17T11:51:37","guid":{"rendered":"https:\/\/glanzmomente.net\/?page_id=3"},"modified":"2023-04-13T11:21:57","modified_gmt":"2023-04-13T09:21:57","slug":"datenschutzerklaerung","status":"publish","type":"page","link":"https:\/\/glanzmomente.net\/?page_id=3","title":{"rendered":"Datenschutzerkl\u00e4rung"},"content":{"rendered":"<div data-colibri-id=\"3-c1\" class=\"style-561 style-local-3-c1 position-relative\">\n  <!---->\n  <div data-colibri-component=\"section\" data-colibri-id=\"3-c2\" id=\"datenschutz\" class=\"h-section h-section-global-spacing d-flex align-items-lg-center align-items-md-center align-items-center style-567 style-local-3-c2 position-relative\">\n    <!---->\n    <!---->\n    <div class=\"h-section-grid-container h-section-boxed-container\">\n      <!---->\n      <div data-colibri-id=\"3-c3\" class=\"h-row-container gutters-row-lg-1 gutters-row-md-1 gutters-row-2 gutters-row-v-lg-1 gutters-row-v-md-1 gutters-row-v-2 style-568 style-local-3-c3 position-relative\">\n        <!---->\n        <div class=\"h-row justify-content-lg-center justify-content-md-center justify-content-center align-items-lg-stretch align-items-md-stretch align-items-stretch gutters-col-lg-1 gutters-col-md-1 gutters-col-2 gutters-col-v-lg-1 gutters-col-v-md-1 gutters-col-v-2\">\n          <!---->\n          <div class=\"h-column h-column-container d-flex h-col-lg-auto h-col-md-auto h-col-auto style-569-outer style-local-3-c4-outer\">\n            <div data-colibri-id=\"3-c4\" class=\"d-flex h-flex-basis h-column__inner h-px-lg-2 h-px-md-2 h-px-2 v-inner-lg-2 v-inner-md-2 v-inner-2 style-569 style-local-3-c4 position-relative\">\n              <!---->\n              <!---->\n              <div class=\"w-100 h-y-container h-column__content h-column__v-align flex-basis-100 align-self-lg-center align-self-md-center align-self-center\">\n                <!---->\n                <div data-colibri-id=\"3-c5\" class=\"h-global-transition-all h-heading style-570 style-local-3-c5 position-relative h-element\">\n                  <!---->\n                  <div class=\"h-heading__outer style-570 style-local-3-c5\">\n                    <!---->\n                    <!---->\n                    <h5 class=\"\">Datenschutz<\/h5>\n                  <\/div>\n                <\/div>\n                <div data-colibri-id=\"3-c6\" class=\"h-lead h-text h-text-component style-572 style-local-3-c6 position-relative h-element\">\n                  <!---->\n                  <!---->\n                  <div class=\"\">\n                    <p>\n                      <br>\n                    <\/p>\n                    <p> <\/p>\n                    <p>Soweit nachstehend keine anderen Angaben gemacht werden, ist die Bereitstellung Ihrer personenbezogenen Daten weder gesetzlich oder vertraglich vorgeschrieben, noch f\u00fcr einen Vertragsabschluss erforderlich. Sie sind zur Bereitstellung\n                      der Daten nicht verpflichtet. Eine Nichtbereitstellung hat keine Folgen. Dies gilt nur soweit bei den nachfolgenden Verarbeitungsvorg\u00e4ngen keine anderweitige Angabe gemacht wird.<\/p>\n                    <p> &#8222;Personenbezogene Daten&#8220; sind alle Informationen, die sich auf eine identifizierte oder identifizierbare nat\u00fcrliche Person beziehen.<\/p>\n                    <p> <\/p>\n                    <p> Server-Logfiles Sie k\u00f6nnen unsere Webseiten besuchen, ohne Angaben zu Ihrer Person zu machen. Bei jedem Zugriff auf unsere Website werden an uns oder unseren Webhoster \/ IT-Dienstleister Nutzungsdaten durch Ihren Internet Browser \u00fcbermittelt\n                      und in Protokolldaten (sog. Server-Logfiles) gespeichert. Zu diesen gespeicherten Daten geh\u00f6ren z.B. der Name der aufgerufenen Seite, Datum und Uhrzeit des Abrufs, die IP-Adresse, die \u00fcbertragene Datenmenge und der anfragende Provider.\n                      Die Verarbeitung erfolgt auf Grundlage des Art. 6 Abs. 1 lit. f DSGVO aus unserem \u00fcberwiegenden berechtigten Interesse an der Gew\u00e4hrleistung eines st\u00f6rungsfreien Betriebs unserer Website sowie zur Verbesserung unseres Angebotes.\n                      <\/p>\n                    <p> <\/p>\n                    <p> <\/p>\n                    <p> <\/p>\n                    <p> Kontakt Bewertungen Newsletter <\/p>\n                    <p> <\/p>\n                    <p> Erhebung und Verarbeitung bei Nutzung des Kontaktformulars <\/p>\n                    <p> Bei der Nutzung des Kontaktformulars erheben wir Ihre personenbezogenen Daten (Name, E-Mail-Adresse, Nachrichtentext) nur in dem von Ihnen zur Verf\u00fcgung gestellten Umfang. Die Datenverarbeitung dient dem Zweck der Kontaktaufnahme.\n                      Mit Absenden Ihrer Nachricht willigen Sie in die Verarbeitung der \u00fcbermittelten Daten ein. Die Verarbeitung erfolgt auf Grundlage des Art. 6 Abs. 1 lit. a DSGVO mit Ihrer Einwilligung.<\/p>\n                    <p> Sie k\u00f6nnen Ihre Einwilligung jederzeit durch Mitteilung an uns widerrufen, ohne dass die Rechtm\u00e4\u00dfigkeit der aufgrund der Einwilligung bis zum Widerruf erfolgten Verarbeitung ber\u00fchrt wird. Ihre E-Mail-Adresse nutzen wir nur zur Bearbeitung\n                      Ihrer Anfrage. Ihre Daten werden anschlie\u00dfend gel\u00f6scht, sofern Sie der weitergehenden Verarbeitung und Nutzung nicht zugestimmt haben.<\/p>\n                    <p> <\/p>\n                    <p> Datenerhebung bei Verfassung eines Kommentars<\/p>\n                    <p> Bei der Kommentierung eines Artikels oder eines Beitrages erheben wir Ihre personenbezogenen Daten (Name, E-Mail-Adresse, Kommentartext) nur in dem von Ihnen zur Verf\u00fcgung gestellten Umfang. Die Verarbeitung dient dem Zweck, eine Kommentierung\n                      zu erm\u00f6glichen und Kommentare anzuzeigen. Mit Absenden des Kommentars willigen Sie in die Verarbeitung der \u00fcbermittelten Daten ein. Die Verarbeitung erfolgt auf Grundlage des Art. 6 Abs. 1 lit. a DSGVO mit Ihrer Einwilligung. Sie\n                      k\u00f6nnen die Einwilligung jederzeit durch Mitteilung an uns widerrufen, ohne dass die Rechtm\u00e4\u00dfigkeit der aufgrund der Einwilligung bis zum Widerruf erfolgten Verarbeitung ber\u00fchrt wird. Ihre personenbezogenen Daten werden anschlie\u00dfend\n                      gel\u00f6scht.<\/p>\n                    <p> <\/p>\n                    <p> Dar\u00fcber hinaus wird bei Abgabe des Kommentars Ihre IP-Adresse gespeichert zu dem Zweck, einen Missbrauch der Kommentarfunktion zu verhindern und die Sicherheit unserer informationstechnischen Systeme sicherzustellen. Mit Absenden des\n                      Kommentars willigen Sie in die Verarbeitung der \u00fcbermittelten Daten ein. Die Verarbeitung erfolgt auf Grundlage des Art. 6 Abs. 1 lit. a DSGVO mit Ihrer Einwilligung. Sie k\u00f6nnen die Einwilligung jederzeit durch Mitteilung an uns\n                      widerrufen, ohne dass die Rechtm\u00e4\u00dfigkeit der aufgrund der Einwilligung bis zum Widerruf erfolgten Verarbeitung ber\u00fchrt wird. Ihre IP-Adresse wird anschlie\u00dfend gel\u00f6scht.<\/p>\n                    <p> <\/p>\n                    <p> Verwendung der E-Mail-Adresse f\u00fcr die Zusendung von Newslettern<\/p>\n                    <p> Wir nutzen Ihre E-Mail-Adresse unabh\u00e4ngig von der Vertragsabwicklung ausschlie\u00dflich f\u00fcr eigene Werbezwecke zum Newsletterversand, sofern Sie dem ausdr\u00fccklich zugestimmt haben. Die Verarbeitung erfolgt auf Grundlage des Art. 6 Abs.\n                      1 lit. a DSGVO mit Ihrer Einwilligung. Sie k\u00f6nnen die Einwilligung jederzeit widerrufen, ohne dass die Rechtm\u00e4\u00dfigkeit der aufgrund der Einwilligung bis zum Widerruf erfolgten Verarbeitung ber\u00fchrt wird. Sie k\u00f6nnen dazu den Newsletter\n                      jederzeit unter Nutzung des entsprechenden Links im Newsletter oder durch Mitteilung an uns abbestellen. Ihre E-Mail-Adresse wird danach aus dem Verteiler entfernt. <\/p>\n                    <p> <\/p>\n                    <p> <\/p>\n                    <p> <\/p>\n                    <p> <\/p>\n                    <p> <\/p>\n                    <p> <\/p>\n                    <p> Verwendung von Google reCAPTCHA Wir verwenden auf unserer Website den Dienst reCAPTCHA der Google LLC (1600 Amphitheatre Parkway, Mountain View, CA 94043, USA; &#8222;Google&#8220;). <\/p>\n                    <p> Soweit Sie Ihren gew\u00f6hnlichen Aufenthalt im Europ\u00e4ischen Wirtschaftsraum oder der Schweiz haben, ist Google Ireland Limited (Gordon House, Barrow Street, Dublin 4, Irland) der f\u00fcr Ihre Daten zust\u00e4ndige Verantwortliche. Google Ireland\n                      Limited ist demnach das mit Google verbundene Unternehmen, welches f\u00fcr die Verarbeitung Ihrer Daten und die Einhaltung der anwendbaren Datenschutzgesetze verantwortlich ist. Die Abfrage dient dem Zweck der Unterscheidung der Eingabe\n                      durch einen Menschen oder durch automatisierte, maschinelle Verarbeitung. Dazu wird Ihre Eingabe an Google \u00fcbermittelt und dort weiterverwendet. Zus\u00e4tzlich werden die IP-Adresse und gegebenenfalls weitere von Google f\u00fcr den Dienst\n                      reCAPTCHA ben\u00f6tigte Daten an Google \u00fcbertragen. Diese Daten werden von Google innerhalb der Europ\u00e4ischen Union verarbeitet und gegebenenfalls auch in die USA \u00fcbermittelt. Google hat sich nach dem US-EU-Datenschutzabkommen &#8222;Privacy\n                      Shield&#8220; zertifiziert und damit verpflichtet, die europ\u00e4ischen Datenschutzrichtlinien einzuhalten. Die Verarbeitung erfolgt auf Grundlage des Art. 6 Abs. 1 lit. f DSGVO aus dem berechtigten Interesse unsere Website vor automatisierter\n                      Aussp\u00e4hung, Missbrauch und SPAM zu sch\u00fctzen. N\u00e4here Informationen zu Google reCAPTCHA sowie die dazugeh\u00f6rige Datenschutzerkl\u00e4rung finden Sie unter: https:\/\/www.google.com\/recaptcha\/intro\/android.html (https:\/\/www.google.com\/recaptcha\/intro\/android.html)\n                      sowie https:\/\/www.google.com\/privacy (https:\/\/www.google.com\/privacy). <\/p>\n                    <p> <\/p>\n                    <p> <\/p>\n                    <p> Betroffenenrechte und Speicherdauer<\/p>\n                    <p> <\/p>\n                    <p> Dauer der Speicherung<\/p>\n                    <p> Nach vollst\u00e4ndiger Vertragsabwicklung werden die Daten zun\u00e4chst f\u00fcr die Dauer der Gew\u00e4hrleistungsfrist, danach unter Ber\u00fccksichtigung gesetzlicher, insbesondere steuer- und handelsrechtlicher Aufbewahrungsfristen gespeichert und dann\n                      nach Fristablauf gel\u00f6scht, sofern Sie der weitergehenden Verarbeitung und Nutzung nicht zugestimmt haben.<\/p>\n                    <p> <\/p>\n                    <p> Rechte der betroffenen Person<\/p>\n                    <p> Ihnen stehen bei Vorliegen der gesetzlichen Voraussetzungen folgende Rechte nach Artt. 15 bis 20 DSGVO zu: Recht auf Auskunft, auf Berichtigung, auf L\u00f6schung, auf Einschr\u00e4nkung der Verarbeitung, auf Daten\u00fcbertragbarkeit.<\/p>\n                    <p> Au\u00dferdem steht Ihnen nach Art. 21 Abs. 1 DSGVO ein Widerspruchsrecht gegen die Verarbeitungen zu, die auf Art. 6 Abs. 1 f DSGVO beruhen, sowie gegen die Verarbeitung zum Zwecke von Direktwerbung.<\/p>\n                    <p> <\/p>\n                    <p> Kontaktieren Sie uns auf Wunsch. Die Kontaktdaten finden Sie in unserem Impressum.<\/p>\n                    <p> <\/p>\n                    <p> Beschwerderecht bei der Aufsichtsbeh\u00f6rde<\/p>\n                    <p> Sie haben gem\u00e4\u00df Art. 77 DSGVO das Recht, sich bei der Aufsichtsbeh\u00f6rde zu beschweren, wenn Sie der Ansicht sind, dass die Verarbeitung Ihrer personenbezogenen Daten nicht rechtm\u00e4\u00dfig erfolgt.<\/p>\n                    <p> <\/p>\n                    <p> Widerspruchsrecht<\/p>\n                    <p> Beruhen die hier aufgef\u00fchrten personenbezogenen Datenverarbeitungen auf Grundlage unseres berechtigten Interesses nach Art. 6 Abs. 1 lit. f DSGVO, haben Sie das Recht aus Gr\u00fcnden, die sich aus Ihrer besonderen Situation ergeben, jederzeit\n                      diesen Verarbeitungen mit Wirkung f\u00fcr die Zukunft zu widersprechen.<\/p>\n                    <p> Nach erfolgtem Widerspruch wird die Verarbeitung der betroffenen Daten beendet, es sei denn, wir k\u00f6nnen zwingende schutzw\u00fcrdige Gr\u00fcnde f\u00fcr die Verarbeitung nachweisen, die Ihren Interessen, Rechten und Freiheiten \u00fcberwiegen, oder wenn\n                      die Verarbeitung der Geltendmachung, Aus\u00fcbung oder Verteidigung von Rechtsanspr\u00fcchen dient.<\/p>\n                    <p> <\/p>\n                    <p> Erfolgt die personenbezogene Datenverarbeitung zu Zwecken der Direktwerbung, k\u00f6nnen Sie dieser Verarbeitung jederzeit durch Mitteilung an uns widersprechen. Nach erfolgtem Widerspruch beenden wir die Verarbeitung der betroffenen Daten\n                      zum Zwecke der Direktwerbung.<\/p>\n                    <p> <\/p>\n                    <h2> letzte Aktualisierung: 12.04.2023<\/h2>\n                  <\/div>\n                <\/div>\n              <\/div>\n            <\/div>\n          <\/div>\n          <div class=\"h-column h-column-container d-flex h-col-lg-auto h-col-md-auto h-col-auto style-575-outer style-local-3-c7-outer\">\n            <div data-colibri-id=\"3-c7\" class=\"d-flex h-flex-basis h-column__inner h-px-lg-2 h-px-md-2 h-px-2 v-inner-lg-2 v-inner-md-2 v-inner-2 style-575 style-local-3-c7 position-relative\">\n              <!---->\n              <!---->\n              <div class=\"w-100 h-y-container h-column__content h-column__v-align flex-basis-100 align-self-lg-start align-self-md-start align-self-start\">\n                <!---->\n                <div data-colibri-id=\"3-c8\" class=\"d-block style-576 style-local-3-c8 position-relative h-element\">\n                  <!---->\n                  <div class=\"h-image__frame-container-outer\">\n                    <div class=\"h-image__frame-container\">\n                      <!---->\n                      <!---->\n                      <img decoding=\"async\" src=\"https:\/\/glanzmomente.net\/wp-content\/uploads\/2023\/04\/colibri-image-320.png\" class=\"wp-image-1488 style-576-image style-local-3-c8-image\" alt=\"\" \/>\n                      <div class=\"h-image__frame h-hide-sm style-576-frameImage style-local-3-c8-frameImage\"><\/div>\n                    <\/div>\n                  <\/div>\n                <\/div>\n              <\/div>\n            <\/div>\n          <\/div>\n        <\/div>\n      <\/div>\n    <\/div>\n  <\/div>\n<\/div>","protected":false},"excerpt":{"rendered":"<p>Datenschutz Soweit nachstehend keine anderen Angaben gemacht werden, ist die Bereitstellung Ihrer personenbezogenen Daten weder gesetzlich oder vertraglich vorgeschrieben, noch f\u00fcr einen Vertragsabschluss erforderlich. Sie sind zur Bereitstellung der Daten nicht verpflichtet. Eine Nichtbereitstellung hat keine Folgen. Dies gilt nur soweit bei den nachfolgenden Verarbeitungsvorg\u00e4ngen keine anderweitige Angabe gemacht wird. &#8222;Personenbezogene Daten&#8220; sind alle Informationen, [&hellip;]<\/p>\n","protected":false},"author":1,"featured_media":0,"parent":0,"menu_order":0,"comment_status":"closed","ping_status":"open","template":"page-templates\/full-width-page.php","meta":{"_kadence_starter_templates_imported_post":false,"footnotes":""},"class_list":["post-3","page","type-page","status-publish","hentry"],"_links":{"self":[{"href":"https:\/\/glanzmomente.net\/index.php?rest_route=\/wp\/v2\/pages\/3","targetHints":{"allow":["GET"]}}],"collection":[{"href":"https:\/\/glanzmomente.net\/index.php?rest_route=\/wp\/v2\/pages"}],"about":[{"href":"https:\/\/glanzmomente.net\/index.php?rest_route=\/wp\/v2\/types\/page"}],"author":[{"embeddable":true,"href":"https:\/\/glanzmomente.net\/index.php?rest_route=\/wp\/v2\/users\/1"}],"replies":[{"embeddable":true,"href":"https:\/\/glanzmomente.net\/index.php?rest_route=%2Fwp%2Fv2%2Fcomments&post=3"}],"version-history":[{"count":4,"href":"https:\/\/glanzmomente.net\/index.php?rest_route=\/wp\/v2\/pages\/3\/revisions"}],"predecessor-version":[{"id":1016,"href":"https:\/\/glanzmomente.net\/index.php?rest_route=\/wp\/v2\/pages\/3\/revisions\/1016"}],"wp:attachment":[{"href":"https:\/\/glanzmomente.net\/index.php?rest_route=%2Fwp%2Fv2%2Fmedia&parent=3"}],"curies":[{"name":"wp","href":"https:\/\/api.w.org\/{rel}","templated":true}]}}